

{"id":158,"date":"2019-03-25T10:38:07","date_gmt":"2019-03-25T09:38:07","guid":{"rendered":"http:\/\/gclenergie.com\/?page_id=158"},"modified":"2019-04-18T11:53:27","modified_gmt":"2019-04-18T09:53:27","slug":"entreprise","status":"publish","type":"page","link":"http:\/\/gclenergie.com\/index.php\/entreprise\/","title":{"rendered":"Entreprise"},"content":{"rendered":"\n<p>PR\u00c9SENTATION DE L\u2019ENTREPRISE <\/p>\n\n\n\n<figure class=\"wp-block-image\"><img loading=\"lazy\" decoding=\"async\" width=\"300\" height=\"72\" src=\"http:\/\/gclenergie.com\/wp-content\/uploads\/2017\/12\/Logo-GCL-Energie-300x72.png\" alt=\"\" class=\"wp-image-104\" srcset=\"http:\/\/gclenergie.com\/wp-content\/uploads\/2017\/12\/Logo-GCL-Energie-300x72.png 300w, http:\/\/gclenergie.com\/wp-content\/uploads\/2017\/12\/Logo-GCL-Energie.png 323w\" sizes=\"(max-width: 300px) 100vw, 300px\" \/><\/figure>\n\n\n\n<p style=\"font-size:15px;text-align:left\">La soci\u00e9t\u00e9 GCL Energie a \u00e9t\u00e9 cr\u00e9\u00e9e en 2013 par les fondateurs de SEEM, qui souhaitaient d\u00e9velopper leurs activit\u00e9s de maintenance thermique en Lorraine. <\/p>\n\n\n\n<p style=\"font-size:15px\">SEEM, cr\u00e9\u00e9e au d\u00e9but des ann\u00e9es 2000 par Jean BONNEFONT (ex-Pr\u00e9sident des Charbonnages de France), Bernard FORTERRE (ex-dirigeant de la \u00ab G\u00e9n\u00e9ral des Eaux \u00bb, cr\u00e9ateur de SFR) et Antoine BENETTI (ex-secr\u00e9taire g\u00e9n\u00e9ral de Dalkia), est un acteur majeur de la maintenance \u00e9nerg\u00e9tique sur l\u2019ile de France avec des contrats de maintenance des \u00e9quipements climatiques comme : L\u2019ASSEMBLEE NATIONALE \u2013 PARIS \u2013 50 000 m\u00b2 de b\u00e2timents OPHLM de NANTERRE \u2013 22 000 logements -102 Chaufferies et sous-stations ICF La sabli\u00e8re &#8211; Ile de France \u2013 7 500 logements \u2013 55 Chaufferies et sous-stations NOVIGERE \u2013 8 000 logements \u2013 64 Chaufferies et sous-stations.<\/p>\n\n\n\n<p style=\"font-size:15px\">Ainsi que d\u2019autres types de gestions comme : <\/p>\n\n\n\n<p style=\"font-size:15px\">La Ville de BOBIGNY <\/p>\n\n\n\n<p style=\"font-size:15px\">L\u2019H\u00f4pital Cognacq-Jay <\/p>\n\n\n\n<p style=\"font-size:15px\">SEEM est aujourd\u2019hui constitu\u00e9e de 55 collaborateurs comprenant un bureau d\u2019\u00e9tudes techniques et un centre de formation interne des techniciens en maintenance. SEEM garde un lien tr\u00e8s proche avec GCL Energie par la participation soutenue d\u2019Olivier FRISONI dans les activit\u00e9s d\u2019Ile de France. <\/p>\n\n\n\n<p style=\"font-size:15px\">L\u2019effectif de GCL Energie en Lorraine est de 12 collaborateurs dont 7 techniciens, 1 chef d\u2019\u00e9quipe et 1 responsable d\u2019exploitation et 2 assistante administrative et 1 ing\u00e9nieur. Cet effectif est en \u00e9volution constante. <\/p>\n\n\n\n<p style=\"font-size:15px\">GCL Energie g\u00e8re et chauffe actuellement plusieurs sites en Lorraine, principalement des sites tertiaires comme :<\/p>\n\n\n\n<ul><li>Le lyc\u00e9e professionnel du b\u00e2timent de MONTIGNY-L\u00e8s-METZ <\/li><li>Le Mus\u00e9e des Beaux-Arts de NANCY &#8211; L\u2019Op\u00e9ra National de Lorraine de NANCY <\/li><li>Les b\u00e2timents Militaires de METZ et WOIPPY <\/li><li>L\u2019ensemble des casernes des pompiers de SDIS de la Moselle\u00a0<\/li><li>L\u2019a\u00e9roport METZ-NANCY Lorraine Airport de GOIN<\/li><li>Les chaufferies collectives de MOSELIS <\/li><li>Le Centre D\u00e9partemental de l\u2019Enfance de PLAPPEVILLE<\/li><li>Les Complexes Sportifs du SIS de NANCY <\/li><li>Plusieurs Copropri\u00e9t\u00e9s avec FONCIA, HERBETH, BONNABELLE <\/li><li>Etc \u2026 <\/li><\/ul>\n\n\n\n<p style=\"font-size:15px\">Une grosse partie de nos sites sont \u00e9quip\u00e9s de climatiseurs et groupes froids, environ 40 sites.<\/p>\n\n\n\n<p style=\"font-size:15px\">15 \u00e0 20 % de nos sites sont t\u00e9l\u00e9g\u00e9r\u00e9s par des \u00e9quipements de marque SAUTER, SATCHWELL, SIEMENS, SOFREL LACROIX, TREND et WIT, environ 18 sites.<\/p>\n\n\n\n<p style=\"font-size:15px\">L\u2019\u00e9nergie renouvelable est de plus en plus utilis\u00e9e sur nos sites, nous pr\u00e9conisons la mise en \u0153uvre de celle-ci pour tout travaux d\u2019am\u00e9lioration thermique et apportons notre connaissance pour assister le ma\u00eetre d\u2019ouvrage dans ses choix, environs 30 sites dont :<\/p>\n\n\n\n<ul><li>Solaire Thermique : 10 <\/li><li>Solaire Photovolta\u00efque : 1 <\/li><li>G\u00e9othermie : 2 <\/li><li>A\u00e9rothermie (PAC) : 17 <\/li><\/ul>\n\n\n\n<p style=\"font-size:15px\">Nous sommes en cours de r\u00e9alisation de travaux de mise en \u0153uvre d\u2019une Production d\u2019ECS par PAC coupl\u00e9e \u00e0 une micro cog\u00e9n\u00e9ration avec r\u00e9cup\u00e9ration d\u2019\u00e9nergie sur le rejet VMC pour deux ensembles de 200 logements sociaux afin de diviser par deux le co\u00fbt du m3 d\u2019ECS ainsi que de remplacement de chaudi\u00e8res et hydraulique avec partenariat des CEE.<\/p>\n","protected":false},"excerpt":{"rendered":"<p>PR\u00c9SENTATION DE L\u2019ENTREPRISE La soci\u00e9t\u00e9 GCL Energie a \u00e9t\u00e9 cr\u00e9\u00e9e en 2013 par les fondateurs de SEEM, qui souhaitaient d\u00e9velopper leurs activit\u00e9s de maintenance thermique en Lorraine. SEEM, cr\u00e9\u00e9e au d\u00e9but des ann\u00e9es 2000 par Jean BONNEFONT (ex-Pr\u00e9sident des Charbonnages de France), Bernard FORTERRE (ex-dirigeant de la \u00ab G\u00e9n\u00e9ral des Eaux \u00bb, cr\u00e9ateur de SFR) &hellip; <\/p>\n<p class=\"link-more\"><a href=\"http:\/\/gclenergie.com\/index.php\/entreprise\/\" class=\"more-link\">Continuer la lecture<span class=\"screen-reader-text\"> de &laquo;&nbsp;Entreprise&nbsp;&raquo;<\/span><\/a><\/p>\n","protected":false},"author":1,"featured_media":87,"parent":0,"menu_order":0,"comment_status":"closed","ping_status":"closed","template":"","meta":{"footnotes":""},"_links":{"self":[{"href":"http:\/\/gclenergie.com\/index.php\/wp-json\/wp\/v2\/pages\/158"}],"collection":[{"href":"http:\/\/gclenergie.com\/index.php\/wp-json\/wp\/v2\/pages"}],"about":[{"href":"http:\/\/gclenergie.com\/index.php\/wp-json\/wp\/v2\/types\/page"}],"author":[{"embeddable":true,"href":"http:\/\/gclenergie.com\/index.php\/wp-json\/wp\/v2\/users\/1"}],"replies":[{"embeddable":true,"href":"http:\/\/gclenergie.com\/index.php\/wp-json\/wp\/v2\/comments?post=158"}],"version-history":[{"count":13,"href":"http:\/\/gclenergie.com\/index.php\/wp-json\/wp\/v2\/pages\/158\/revisions"}],"predecessor-version":[{"id":642,"href":"http:\/\/gclenergie.com\/index.php\/wp-json\/wp\/v2\/pages\/158\/revisions\/642"}],"wp:featuredmedia":[{"embeddable":true,"href":"http:\/\/gclenergie.com\/index.php\/wp-json\/wp\/v2\/media\/87"}],"wp:attachment":[{"href":"http:\/\/gclenergie.com\/index.php\/wp-json\/wp\/v2\/media?parent=158"}],"curies":[{"name":"wp","href":"https:\/\/api.w.org\/{rel}","templated":true}]}}