

{"id":37,"date":"2017-11-29T11:40:50","date_gmt":"2017-11-29T10:40:50","guid":{"rendered":"http:\/\/gclenergie.com\/?page_id=37"},"modified":"2019-04-18T11:54:13","modified_gmt":"2019-04-18T09:54:13","slug":"a-propos-de","status":"publish","type":"page","link":"http:\/\/gclenergie.com\/","title":{"rendered":"\u00c0 propos de GCL Energie"},"content":{"rendered":"\n<div class=\"wp-block-image\"><figure class=\"alignleft\"><img loading=\"lazy\" decoding=\"async\" width=\"323\" height=\"78\" src=\"http:\/\/gclenergie.com\/wp-content\/uploads\/2017\/12\/Logo-GCL-Energie.png\" alt=\"\" class=\"wp-image-104\" srcset=\"http:\/\/gclenergie.com\/wp-content\/uploads\/2017\/12\/Logo-GCL-Energie.png 323w, http:\/\/gclenergie.com\/wp-content\/uploads\/2017\/12\/Logo-GCL-Energie-300x72.png 300w\" sizes=\"(max-width: 323px) 100vw, 323px\" \/><\/figure><\/div>\n\n\n\n<div class=\"wp-block-image\"><figure class=\"alignright is-resized\"><img loading=\"lazy\" decoding=\"async\" src=\"http:\/\/gclenergie.com\/wp-content\/uploads\/2019\/03\/197c79d7334c42c6a97f28e9ef915552.png\" alt=\"\" class=\"wp-image-473\" width=\"200\" height=\"120\" srcset=\"http:\/\/gclenergie.com\/wp-content\/uploads\/2019\/03\/197c79d7334c42c6a97f28e9ef915552.png 400w, http:\/\/gclenergie.com\/wp-content\/uploads\/2019\/03\/197c79d7334c42c6a97f28e9ef915552-300x179.png 300w\" sizes=\"(max-width: 200px) 100vw, 200px\" \/><\/figure><\/div>\n\n\n<p>\u00a0<\/p>\n<p>\u00a0<\/p>\n<p style=\"text-align: center;\">\u00a0<\/p>\n<p>\u00a0<\/p>\n<p style=\"text-align: center;\">QUI SOMMES NOUS ?<\/p>\n<p>La soci\u00e9t\u00e9 d&rsquo;exploitation et maintenance \u00e9nerg\u00e9tique <strong>G\u00e9nie Climatique Lorraine Energie<\/strong> a \u00e9t\u00e9 cr\u00e9\u00e9e en juillet 2013, \u00e0 l&rsquo;initiative de professionnels aguerris au m\u00e9tier de la maintenance et de l\u2019efficience \u00e9nerg\u00e9tique.<\/p>\n<p>C&rsquo;est tout naturellement que GCL Energie installe son si\u00e8ge dans les locaux de sa soci\u00e9t\u00e9 soeur GCL (Entreprise de Travaux de g\u00e9nie climatique), aux 7 All\u00e9e des Noires Terres \u00e0 <strong>NANCY-PULNOY<\/strong> 54425.<\/p>\n<p>D\u00e8s 2014, une agence est venue compl\u00e9ter l&rsquo;implantation g\u00e9ographique toujours plus proche de ses clients de GCL Energie, au 13bis Rue de l&rsquo;\u00e9tang de la grange \u00e0 <strong>MONTIGNY-LES-METZ<\/strong> 57950<\/p>\n<p>L&rsquo;\u00e9volution constante de la soci\u00e9t\u00e9 depuis sa cr\u00e9ation, nous am\u00e8ne en ce d\u00e9but d&rsquo;ann\u00e9e 2018 a cr\u00e9er une nouvelle entit\u00e9 au 9 Rue Fontaine Chaudron \u00e0 <strong>NORROY-LE-VENEUR<\/strong> 57140<\/p>\n<p>C&rsquo;est avec une \u00e9quipe de <strong>8 Techniciens<\/strong> multicomp\u00e9tents, <strong>2 Assistantes<\/strong> techniques, <strong>1 Responsable<\/strong> d&rsquo;exploitation et <strong>1 Ing\u00e9nieur<\/strong>, que GCL Energie g\u00e8re les installations techniques d&rsquo;une centaine de partenaires institutionnels et priv\u00e9s.<\/p>\n<h6>\u00a0<\/h6>\n<p>NOTRE METIER ?<\/p>\n<p>\u00a0<\/p>","protected":false},"excerpt":{"rendered":"<p>\u00a0 \u00a0 \u00a0 \u00a0 QUI SOMMES NOUS ? La soci\u00e9t\u00e9 d&rsquo;exploitation et maintenance \u00e9nerg\u00e9tique G\u00e9nie Climatique Lorraine Energie a \u00e9t\u00e9 cr\u00e9\u00e9e en juillet 2013, \u00e0 l&rsquo;initiative de professionnels aguerris au m\u00e9tier de la maintenance et de l\u2019efficience \u00e9nerg\u00e9tique. C&rsquo;est tout naturellement que GCL Energie installe son si\u00e8ge dans les locaux de sa soci\u00e9t\u00e9 soeur GCL &hellip; <\/p>\n<p class=\"link-more\"><a href=\"http:\/\/gclenergie.com\/\" class=\"more-link\">Continuer la lecture<span class=\"screen-reader-text\"> de &laquo;&nbsp;\u00c0 propos de GCL Energie&nbsp;&raquo;<\/span><\/a><\/p>\n","protected":false},"author":1,"featured_media":178,"parent":0,"menu_order":0,"comment_status":"closed","ping_status":"closed","template":"","meta":{"footnotes":""},"_links":{"self":[{"href":"http:\/\/gclenergie.com\/index.php\/wp-json\/wp\/v2\/pages\/37"}],"collection":[{"href":"http:\/\/gclenergie.com\/index.php\/wp-json\/wp\/v2\/pages"}],"about":[{"href":"http:\/\/gclenergie.com\/index.php\/wp-json\/wp\/v2\/types\/page"}],"author":[{"embeddable":true,"href":"http:\/\/gclenergie.com\/index.php\/wp-json\/wp\/v2\/users\/1"}],"replies":[{"embeddable":true,"href":"http:\/\/gclenergie.com\/index.php\/wp-json\/wp\/v2\/comments?post=37"}],"version-history":[{"count":33,"href":"http:\/\/gclenergie.com\/index.php\/wp-json\/wp\/v2\/pages\/37\/revisions"}],"predecessor-version":[{"id":643,"href":"http:\/\/gclenergie.com\/index.php\/wp-json\/wp\/v2\/pages\/37\/revisions\/643"}],"wp:featuredmedia":[{"embeddable":true,"href":"http:\/\/gclenergie.com\/index.php\/wp-json\/wp\/v2\/media\/178"}],"wp:attachment":[{"href":"http:\/\/gclenergie.com\/index.php\/wp-json\/wp\/v2\/media?parent=37"}],"curies":[{"name":"wp","href":"https:\/\/api.w.org\/{rel}","templated":true}]}}